{"id":7101,"date":"2024-07-13T11:52:26","date_gmt":"2024-07-13T11:52:26","guid":{"rendered":"https:\/\/grandisttour.com\/tesekkur-ederim\/"},"modified":"2024-07-13T11:52:26","modified_gmt":"2024-07-13T11:52:26","slug":"tesekkur-ederim","status":"publish","type":"page","link":"https:\/\/grandisttour.com\/tr\/tesekkur-ederim\/","title":{"rendered":"Te\u015fekk\u00fcr ederim"},"content":{"rendered":"Gezi rezervasyonu yapt\u0131\u011f\u0131n\u0131z i\u00e7in te\u015fekk\u00fcr ederiz. L\u00fctfen onay i\u00e7in e-postan\u0131z\u0131 kontrol edin.\n","protected":false},"excerpt":{"rendered":"","protected":false},"author":1,"featured_media":0,"parent":0,"menu_order":0,"comment_status":"closed","ping_status":"closed","template":"","meta":{"footnotes":""},"class_list":["post-7101","page","type-page","status-publish","hentry","page--item"],"_links":{"self":[{"href":"https:\/\/grandisttour.com\/tr\/wp-json\/wp\/v2\/pages\/7101","targetHints":{"allow":["GET"]}}],"collection":[{"href":"https:\/\/grandisttour.com\/tr\/wp-json\/wp\/v2\/pages"}],"about":[{"href":"https:\/\/grandisttour.com\/tr\/wp-json\/wp\/v2\/types\/page"}],"author":[{"embeddable":true,"href":"https:\/\/grandisttour.com\/tr\/wp-json\/wp\/v2\/users\/1"}],"replies":[{"embeddable":true,"href":"https:\/\/grandisttour.com\/tr\/wp-json\/wp\/v2\/comments?post=7101"}],"version-history":[{"count":0,"href":"https:\/\/grandisttour.com\/tr\/wp-json\/wp\/v2\/pages\/7101\/revisions"}],"wp:attachment":[{"href":"https:\/\/grandisttour.com\/tr\/wp-json\/wp\/v2\/media?parent=7101"}],"curies":[{"name":"wp","href":"https:\/\/api.w.org\/{rel}","templated":true}]}}