{"id":7092,"date":"2024-07-13T11:52:26","date_gmt":"2024-07-13T11:52:26","guid":{"rendered":"https:\/\/grandisttour.com\/odeme\/"},"modified":"2024-07-13T11:52:26","modified_gmt":"2024-07-13T11:52:26","slug":"odeme","status":"publish","type":"page","link":"https:\/\/grandisttour.com\/tr\/odeme\/","title":{"rendered":"\u00d6deme"},"content":{"rendered":"<div class=\"wpte-lrf-wrap wpte-login\" >\n\t<div class=\"wpte-lrf-top\">\n\t\t<form method=\"post\" class=\"wpte-lrf\">\n\t\t\t\t\t\t\t\t\t\t<div class=\"wpte-lrf-head\">\n\t\t\t\t\t<h2 class=\"wpte-lrf-title\">\n\t\t\t\t\t\tLog into Your Account\t\t\t\t\t<\/h2>\n\t\t\t\t<\/div>\n\t\t\t\t\t<div class=\"wte-social-login-wrapper\">\n\t\t\t\t\t<a href=\"https:\/\/grandisttour.com\/wp-login.php?wte_login=google\" class=\"login-with-google\">\n\t\t\t\t<span class=\"social-icon\">\n\t\t\t\t\t<svg>\n\t\t\t\t\t\t<use xlink:href=\"#google-logo\"><\/use>\n\t\t\t\t\t<\/svg>\n\t\t\t\t<\/span>\n\t\t\t\t<span class=\"social-label wpte-login\" >Continue with Google<\/span>\n\t\t\t\t<span class=\"social-label wpte-register\" style=display:none>Signup with Google<\/span>\n\t\t\t<\/a>\n\t\t\t\t<\/div>\n\t<svg width=\"0\" height=\"0\" class=\"hidden\">\n\t\t<symbol fill=\"none\" xmlns=\"http:\/\/www.w3.org\/2000\/svg\" viewBox=\"0 0 24 24\" id=\"google-logo\">\n\t\t\t<g clip-path=\"url(#clip0_82_8)\">\n\t\t\t\t<path fill-rule=\"evenodd\" clip-rule=\"evenodd\" d=\"M23.04 12.2614C23.04 11.4459 22.9668 10.6618 22.8309 9.90912H12V14.3575H18.1891C17.9225 15.795 17.1123 17.013 15.8943 17.8284V20.7139H19.6109C21.7855 18.7118 23.04 15.7637 23.04 12.2614Z\" fill=\"#4285F4\" \/>\n\t\t\t\t<path fill-rule=\"evenodd\" clip-rule=\"evenodd\" d=\"M11.9995 23.4998C15.1045 23.4998 17.7077 22.47 19.6104 20.7137L15.8938 17.8282C14.864 18.5182 13.5467 18.9259 11.9995 18.9259C9.00425 18.9259 6.46902 16.903 5.5647 14.1848H1.72266V17.1644C3.61493 20.9228 7.50402 23.4998 11.9995 23.4998Z\" fill=\"#34A853\" \/>\n\t\t\t\t<path fill-rule=\"evenodd\" clip-rule=\"evenodd\" d=\"M5.56523 14.1851C5.33523 13.4951 5.20455 12.758 5.20455 12.0001C5.20455 11.2421 5.33523 10.5051 5.56523 9.81506V6.83551H1.72318C0.944318 8.38801 0.5 10.1444 0.5 12.0001C0.5 13.8557 0.944318 15.6121 1.72318 17.1646L5.56523 14.1851Z\" fill=\"#FBBC05\" \/>\n\t\t\t\t<path fill-rule=\"evenodd\" clip-rule=\"evenodd\" d=\"M11.9995 5.07386C13.6879 5.07386 15.2038 5.65409 16.3956 6.79364L19.694 3.49523C17.7024 1.63955 15.0992 0.5 11.9995 0.5C7.50402 0.5 3.61493 3.07705 1.72266 6.83545L5.5647 9.815C6.46902 7.09682 9.00425 5.07386 11.9995 5.07386Z\" fill=\"#EA4335\" \/>\n\t\t\t<\/g>\n\t\t\t<defs>\n\t\t\t\t<clipPath id=\"clip0_82_8\">\n\t\t\t\t\t<rect width=\"24\" height=\"24\" fill=\"white\" \/>\n\t\t\t\t<\/clipPath>\n\t\t\t<\/defs>\n\t\t<\/symbol>\n\t\t<symbol fill=\"none\" xmlns=\"http:\/\/www.w3.org\/2000\/svg\" viewBox=\"0 0 24 24\" id=\"facebook-logo\">\n\t\t\t<rect width=\"24\" height=\"24\" fill=\"none\"><\/rect>\n\t\t\t<path d=\"M23.5 12.0699C23.5 5.7186 18.3513 0.569879 12 0.569879C5.64872 0.569879 0.5 5.7186 0.5 12.0699C0.5 17.8099 4.70538 22.5674 10.2031 23.4302V15.3941H7.2832V12.0699H10.2031V9.53629C10.2031 6.6541 11.92 5.06207 14.5468 5.06207C15.805 5.06207 17.1211 5.28668 17.1211 5.28668V8.11675H15.671C14.2424 8.11675 13.7969 9.00322 13.7969 9.91266V12.0699H16.9863L16.4765 15.3941H13.7969V23.4302C19.2946 22.5674 23.5 17.8099 23.5 12.0699Z\" fill=\"currentColor\"><\/path>\n\t\t<\/symbol>\n\t\t<symbol xmlns=\"http:\/\/www.w3.org\/2000\/svg\" viewBox=\"0 0 32 32\" id=\"linkedin\">\n\t\t\t<g clip-path=\"url(#clip0_81_2)\">\n\t\t\t\t<path fill-rule=\"evenodd\" clip-rule=\"evenodd\" d=\"M2.362 0.00100708H29.63C30.937 0.00100708 32 1.03401 32 2.30601V29.69C32 30.965 30.937 32 29.632 32H2.362C1.06 32 0 30.965 0 29.69V2.30601C0 1.03401 1.06 0.00100708 2.362 0.00100708ZM9.49997 11.997H4.74497V27.267H9.49997V11.997ZM9.86897 7.14701C9.86897 5.63 8.63597 4.397 7.11897 4.397C6.75758 4.39661 6.39966 4.46745 6.06567 4.60547C5.73167 4.7435 5.42816 4.946 5.17248 5.2014C4.9168 5.4568 4.71397 5.76009 4.57558 6.09393C4.4372 6.42777 4.36597 6.78562 4.36597 7.14701C4.36782 7.87675 4.65859 8.57606 5.1747 9.09198C5.6908 9.6079 6.39022 9.89842 7.11997 9.9C8.63597 9.9 9.86897 8.66401 9.86897 7.14701ZM12.476 11.997H12.469L12.476 11.994V11.997ZM12.476 11.997V27.264H17.218V19.71C17.218 17.72 17.598 15.79 20.068 15.79C22.502 15.79 22.534 18.07 22.534 19.84V27.268H27.277V18.892C27.277 14.781 26.39 11.618 21.584 11.618C19.266 11.618 17.718 12.884 17.084 14.084H17.021V11.997H12.476Z\" fill=\"currentColor\" \/>\n\t\t\t<\/g>\n\t\t\t<defs>\n\t\t\t\t<clipPath id=\"clip0_81_2\">\n\t\t\t\t\t<rect width=\"32\" height=\"32\" fill=\"white\" \/>\n\t\t\t\t<\/clipPath>\n\t\t\t<\/defs>\n\t\t<\/symbol>\n\t<\/svg>\n\t\n\t\t\t\t<span class=\"wpte-divider\">or<\/span>\n\n\t\t\t\t<div class=\"wpte-form-field wpte-material-ui-input-control\">\n\t\t\t\t\t<label>E-posta ya da kullan\u0131c\u0131 ad\u0131<span class=\"required\">*<\/span><\/label>\n\t\t\t\t\t<input id=\"username\" required data-parsley-required-message=\"L\u00fctfen ge\u00e7erli e-posta adresinizi veya kullan\u0131c\u0131 ad\u0131n\u0131z\u0131 girin\" type=\"text\" name=\"username\" value=\"\" placeholder=\"E-posta ya da kullan\u0131c\u0131 ad\u0131\">\n\t\t\t\t\t<fieldset>\n\t\t\t\t\t\t<legend>\n\t\t\t\t\t\t\t<span>E-posta ya da kullan\u0131c\u0131 ad\u0131<span class=\"required\">*<\/span><\/span>\n\t\t\t\t\t\t<\/legend>\n\t\t\t\t\t<\/fieldset>\n\t\t\t\t<\/div>\n\t\t\t\t<div class=\"wpte-form-field wpte-material-ui-input-control\">\n\t\t\t\t\t<label>Parola<span class=\"required\">*<\/span><\/label>\n\t\t\t\t\t<input required data-parsley-required-message=\"\u015eifrenizi giriniz L\u00fctfen\" type=\"password\" name=\"password\" value=\"\" placeholder=\"Parola\">\n\t\t\t\t\t<fieldset>\n\t\t\t\t\t\t<legend>\n\t\t\t\t\t\t\t<span>Parola<span class=\"required\">*<\/span><\/span>\n\t\t\t\t\t\t<\/legend>\n\t\t\t\t\t<\/fieldset>\n\t\t\t\t<\/div>\n\t\t\t\t<div class=\"wpte-form-field lrf-rememberme\">\n\t\t\t\t\t<div>\n\t\t\t\t\t\t<input type=\"hidden\" id=\"wp-travel-engine-login-nonce\" name=\"wp-travel-engine-login-nonce\" value=\"b47e6e7533\" \/><input type=\"hidden\" name=\"_wp_http_referer\" value=\"\/tr\/wp-json\/wp\/v2\/pages\/7092\" \/>\t\t\t\t\t\t<label for=\"rememberme\">\n\t\t\t\t\t\t\t<input class=\"\" name=\"rememberme\" type=\"checkbox\" id=\"rememberme\" value=\"forever\" \/>\n\t\t\t\t\t\t\tRemember me\t\t\t\t\t\t<\/label>\n\t\t\t\t\t<\/div>\n\t\t\t\t\t<a href=\"https:\/\/grandisttour.com\/my-account\/?action=lost-pass\">Forgot Password?<\/a>\n\t\t\t\t<\/div>\n\t\t\t\t<div class=\"wpte-form-field wpte-form-submit\">\n\t\t\t\t\t<input type=\"submit\" name=\"login\" value=\"Giri\u015f yapmak\">\n\t\t\t\t<\/div>\n\t\t\t\t\t\t\t\t\t<div class=\"wpte-lrf-bottom\">\n\t\t\t\t\t\tHesab\u0131n\u0131z yok mu? <a id=\"wpte-show-register-form\" href=\"#signup\">\u00dcye ol<\/a>\n\t\t\t\t\t<\/div>\n\t\t\t\t\t\t\t\t\n\t\t<\/form>\n\t<\/div>\n<\/div>\n\t<div class=\"wpte-lrf-wrap wpte-register\" style=\"display:none\">\n\t\t<div class=\"wpte-lrf-top\">\n\t\t\t<form method=\"post\" class=\"wpte-lrf\">\n\t\t\t\t\t\t\t\t\t<div class=\"wpte-lrf-left\">\n\t\t\t\t\t\t<div class=\"wpte-lrf-left-top\">\n\t\t\t\t\t\t\t<div class=\"wpte-lrf-head\">\n\t\t\t\t\t\t\t\t<h2 class=\"wpte-lrf-title\">\n\t\t\t\t\t\t\t\t\tCreate an account\t\t\t\t\t\t\t\t<\/h2>\n\t\t\t\t\t\t\t<\/div>\n\t\t\t\t\t\t\t\t<div class=\"wte-social-login-wrapper\">\n\t\t\t\t\t<a href=\"https:\/\/grandisttour.com\/wp-login.php?wte_login=google\" class=\"login-with-google\">\n\t\t\t\t<span class=\"social-icon\">\n\t\t\t\t\t<svg>\n\t\t\t\t\t\t<use xlink:href=\"#google-logo\"><\/use>\n\t\t\t\t\t<\/svg>\n\t\t\t\t<\/span>\n\t\t\t\t<span class=\"social-label wpte-login\" >Continue with Google<\/span>\n\t\t\t\t<span class=\"social-label wpte-register\" style=display:none>Signup with Google<\/span>\n\t\t\t<\/a>\n\t\t\t\t<\/div>\n\t<svg width=\"0\" height=\"0\" class=\"hidden\">\n\t\t<symbol fill=\"none\" xmlns=\"http:\/\/www.w3.org\/2000\/svg\" viewBox=\"0 0 24 24\" id=\"google-logo\">\n\t\t\t<g clip-path=\"url(#clip0_82_8)\">\n\t\t\t\t<path fill-rule=\"evenodd\" clip-rule=\"evenodd\" d=\"M23.04 12.2614C23.04 11.4459 22.9668 10.6618 22.8309 9.90912H12V14.3575H18.1891C17.9225 15.795 17.1123 17.013 15.8943 17.8284V20.7139H19.6109C21.7855 18.7118 23.04 15.7637 23.04 12.2614Z\" fill=\"#4285F4\" \/>\n\t\t\t\t<path fill-rule=\"evenodd\" clip-rule=\"evenodd\" d=\"M11.9995 23.4998C15.1045 23.4998 17.7077 22.47 19.6104 20.7137L15.8938 17.8282C14.864 18.5182 13.5467 18.9259 11.9995 18.9259C9.00425 18.9259 6.46902 16.903 5.5647 14.1848H1.72266V17.1644C3.61493 20.9228 7.50402 23.4998 11.9995 23.4998Z\" fill=\"#34A853\" \/>\n\t\t\t\t<path fill-rule=\"evenodd\" clip-rule=\"evenodd\" d=\"M5.56523 14.1851C5.33523 13.4951 5.20455 12.758 5.20455 12.0001C5.20455 11.2421 5.33523 10.5051 5.56523 9.81506V6.83551H1.72318C0.944318 8.38801 0.5 10.1444 0.5 12.0001C0.5 13.8557 0.944318 15.6121 1.72318 17.1646L5.56523 14.1851Z\" fill=\"#FBBC05\" \/>\n\t\t\t\t<path fill-rule=\"evenodd\" clip-rule=\"evenodd\" d=\"M11.9995 5.07386C13.6879 5.07386 15.2038 5.65409 16.3956 6.79364L19.694 3.49523C17.7024 1.63955 15.0992 0.5 11.9995 0.5C7.50402 0.5 3.61493 3.07705 1.72266 6.83545L5.5647 9.815C6.46902 7.09682 9.00425 5.07386 11.9995 5.07386Z\" fill=\"#EA4335\" \/>\n\t\t\t<\/g>\n\t\t\t<defs>\n\t\t\t\t<clipPath id=\"clip0_82_8\">\n\t\t\t\t\t<rect width=\"24\" height=\"24\" fill=\"white\" \/>\n\t\t\t\t<\/clipPath>\n\t\t\t<\/defs>\n\t\t<\/symbol>\n\t\t<symbol fill=\"none\" xmlns=\"http:\/\/www.w3.org\/2000\/svg\" viewBox=\"0 0 24 24\" id=\"facebook-logo\">\n\t\t\t<rect width=\"24\" height=\"24\" fill=\"none\"><\/rect>\n\t\t\t<path d=\"M23.5 12.0699C23.5 5.7186 18.3513 0.569879 12 0.569879C5.64872 0.569879 0.5 5.7186 0.5 12.0699C0.5 17.8099 4.70538 22.5674 10.2031 23.4302V15.3941H7.2832V12.0699H10.2031V9.53629C10.2031 6.6541 11.92 5.06207 14.5468 5.06207C15.805 5.06207 17.1211 5.28668 17.1211 5.28668V8.11675H15.671C14.2424 8.11675 13.7969 9.00322 13.7969 9.91266V12.0699H16.9863L16.4765 15.3941H13.7969V23.4302C19.2946 22.5674 23.5 17.8099 23.5 12.0699Z\" fill=\"currentColor\"><\/path>\n\t\t<\/symbol>\n\t\t<symbol xmlns=\"http:\/\/www.w3.org\/2000\/svg\" viewBox=\"0 0 32 32\" id=\"linkedin\">\n\t\t\t<g clip-path=\"url(#clip0_81_2)\">\n\t\t\t\t<path fill-rule=\"evenodd\" clip-rule=\"evenodd\" d=\"M2.362 0.00100708H29.63C30.937 0.00100708 32 1.03401 32 2.30601V29.69C32 30.965 30.937 32 29.632 32H2.362C1.06 32 0 30.965 0 29.69V2.30601C0 1.03401 1.06 0.00100708 2.362 0.00100708ZM9.49997 11.997H4.74497V27.267H9.49997V11.997ZM9.86897 7.14701C9.86897 5.63 8.63597 4.397 7.11897 4.397C6.75758 4.39661 6.39966 4.46745 6.06567 4.60547C5.73167 4.7435 5.42816 4.946 5.17248 5.2014C4.9168 5.4568 4.71397 5.76009 4.57558 6.09393C4.4372 6.42777 4.36597 6.78562 4.36597 7.14701C4.36782 7.87675 4.65859 8.57606 5.1747 9.09198C5.6908 9.6079 6.39022 9.89842 7.11997 9.9C8.63597 9.9 9.86897 8.66401 9.86897 7.14701ZM12.476 11.997H12.469L12.476 11.994V11.997ZM12.476 11.997V27.264H17.218V19.71C17.218 17.72 17.598 15.79 20.068 15.79C22.502 15.79 22.534 18.07 22.534 19.84V27.268H27.277V18.892C27.277 14.781 26.39 11.618 21.584 11.618C19.266 11.618 17.718 12.884 17.084 14.084H17.021V11.997H12.476Z\" fill=\"currentColor\" \/>\n\t\t\t<\/g>\n\t\t\t<defs>\n\t\t\t\t<clipPath id=\"clip0_81_2\">\n\t\t\t\t\t<rect width=\"32\" height=\"32\" fill=\"white\" \/>\n\t\t\t\t<\/clipPath>\n\t\t\t<\/defs>\n\t\t<\/symbol>\n\t<\/svg>\n\t\t\t\t\t\t\t\t\t\t\t\t\t\t<\/div>\n\t\t\t\t\t\t\t\t\t\t\t\t\t<div class=\"wpte-lrf-footer\">\n\t\t\t\t\t\t\t\t<a href=\"https:\/\/grandisttour.com\/terms-and-conditions\/\" id=\"terms-and-conditions\" target=\"_blank\">Kaydolarak, \u015eartlar ve Ko\u015fullar\u0131m\u0131z\u0131<\/a> ve <a href=\"https:\/\/grandisttour.com\/privacy-policy\/\" id=\"privacy-policy\" target=\"_blank\">Gizlilik Politikam\u0131z\u0131<\/a> kabul etmi\u015f olursunuz.\t\t\t\t\t\t\t<\/div>\n\t\t\t\t\t\t\t\t\t\t\t\t<\/div>\n\t\t\t\t\t<span class=\"wpte-divider\">or<\/span>\n\t\t\t\t\t<div class=\"wpte-lrf-right\">\n\t\t\t\t\t\t<div class=\"wpte-form-field wpte-material-ui-input-control\">\n\t\t\t\t\t\t\t<label>Kullan\u0131c\u0131 ad\u0131<span class=\"required\">*<\/span><\/label>\n\t\t\t\t\t\t\t<input required data-parsley-required-message=\"L\u00fctfen istedi\u011finiz kullan\u0131c\u0131 ad\u0131n\u0131 girin\" name=\"username\" type=\"text\" placeholder=\"Kullan\u0131c\u0131 ad\u0131\" \/>\n\t\t\t\t\t\t\t<fieldset>\n\t\t\t\t\t\t\t\t<legend>\n\t\t\t\t\t\t\t\t\t<span>Kullan\u0131c\u0131 ad\u0131<span class=\"required\">*<\/span><\/span>\n\t\t\t\t\t\t\t\t<\/legend>\n\t\t\t\t\t\t\t<\/fieldset>\n\t\t\t\t\t\t<\/div>\n\t\t\t\t\t\t<div class=\"wpte-form-field wpte-material-ui-input-control\">\n\t\t\t\t\t\t\t<label>E-posta<span class=\"required\">*<\/span><\/label>\n\t\t\t\t\t\t\t<input required data-parsley-required-message=\"L\u00fctfen ge\u00e7erli bir e-posta adresi girin\" name=\"email\" type=\"email\" placeholder=\"E-posta adresi\" \/>\n\t\t\t\t\t\t\t<fieldset>\n\t\t\t\t\t\t\t\t<legend>\n\t\t\t\t\t\t\t\t\t<span>E-posta<span class=\"required\">*<\/span><\/span>\n\t\t\t\t\t\t\t\t<\/legend>\n\t\t\t\t\t\t\t<\/fieldset>\n\t\t\t\t\t\t<\/div>\n\t\t\t\t\t\t<div class=\"wpte-form-field wpte-material-ui-input-control\">\n\t\t\t\t\t\t\t<label>Parola<span class=\"required\">*<\/span><\/label>\n\t\t\t\t\t\t\t<input required data-parsley-required-message=\"L\u00fctfen ge\u00e7erli bir \u015fifre giriniz\" name=\"password\" type=\"password\" placeholder=\"Parola\" \/>\n\t\t\t\t\t\t\t<fieldset>\n\t\t\t\t\t\t\t\t<legend>\n\t\t\t\t\t\t\t\t\t<span>Parola<span class=\"required\">*<\/span><\/span>\n\t\t\t\t\t\t\t\t<\/legend>\n\t\t\t\t\t\t\t<\/fieldset>\n\t\t\t\t\t\t<\/div>\n\t\t\t\t\t\t<input type=\"hidden\" id=\"wp-travel-engine-register-nonce\" name=\"wp-travel-engine-register-nonce\" value=\"de35d594b0\" \/><input type=\"hidden\" name=\"_wp_http_referer\" value=\"\/tr\/wp-json\/wp\/v2\/pages\/7092\" \/>\t\t\t\t\t\t<div class=\"wpte-form-field wpte-form-submit\">\n\t\t\t\t\t\t\t<input type=\"submit\" name=\"register\" value=\"\u00dcye Ol\">\n\t\t\t\t\t\t<\/div>\n\t\t\t\t\t\t<div class=\"wpte-lrf-bottom\">\n\t\t\t\t\t\t\tHesab\u0131n\u0131z Var m\u0131? <a id=\"wpte-show-login-form\" href=\"#login\">Giri\u015f yapmak<\/a>\n\t\t\t\t\t\t<\/div>\n\t\t\t\t\t<\/div>\n\t\t\t\t\t\t\t\t<\/form>\n\t\t<\/div>\n\t<\/div>\n\t\n","protected":false},"excerpt":{"rendered":"","protected":false},"author":1,"featured_media":0,"parent":0,"menu_order":0,"comment_status":"closed","ping_status":"closed","template":"","meta":{"footnotes":""},"class_list":["post-7092","page","type-page","status-publish","hentry","page--item"],"_links":{"self":[{"href":"https:\/\/grandisttour.com\/tr\/wp-json\/wp\/v2\/pages\/7092","targetHints":{"allow":["GET"]}}],"collection":[{"href":"https:\/\/grandisttour.com\/tr\/wp-json\/wp\/v2\/pages"}],"about":[{"href":"https:\/\/grandisttour.com\/tr\/wp-json\/wp\/v2\/types\/page"}],"author":[{"embeddable":true,"href":"https:\/\/grandisttour.com\/tr\/wp-json\/wp\/v2\/users\/1"}],"replies":[{"embeddable":true,"href":"https:\/\/grandisttour.com\/tr\/wp-json\/wp\/v2\/comments?post=7092"}],"version-history":[{"count":0,"href":"https:\/\/grandisttour.com\/tr\/wp-json\/wp\/v2\/pages\/7092\/revisions"}],"wp:attachment":[{"href":"https:\/\/grandisttour.com\/tr\/wp-json\/wp\/v2\/media?parent=7092"}],"curies":[{"name":"wp","href":"https:\/\/api.w.org\/{rel}","templated":true}]}}