{"id":7078,"date":"2023-10-25T15:55:39","date_gmt":"2023-10-25T15:55:39","guid":{"rendered":"https:\/\/grandisttour.com\/about\/"},"modified":"2025-04-12T10:27:30","modified_gmt":"2025-04-12T10:27:30","slug":"hakkimizda","status":"publish","type":"page","link":"https:\/\/grandisttour.com\/tr\/hakkimizda\/","title":{"rendered":"Hakk\u0131m\u0131zda"},"content":{"rendered":"\t\t<div data-elementor-type=\"wp-page\" data-elementor-id=\"7078\" class=\"elementor elementor-7078 elementor-6075\" data-elementor-post-type=\"page\">\n\t\t\t\t<div class=\"elementor-element elementor-element-82704c3 e-con-full e-flex e-con e-parent\" data-id=\"82704c3\" data-element_type=\"container\" data-e-type=\"container\" data-settings=\"{&quot;background_background&quot;:&quot;classic&quot;}\">\n\t\t<div class=\"elementor-element elementor-element-7cf10c2 e-flex e-con-boxed e-con e-child\" data-id=\"7cf10c2\" data-element_type=\"container\" data-e-type=\"container\">\n\t\t\t\t\t<div class=\"e-con-inner\">\n\t\t<div class=\"elementor-element elementor-element-36ffd30 e-con-full e-flex e-con e-child\" data-id=\"36ffd30\" data-element_type=\"container\" data-e-type=\"container\">\n\t\t\t\t<div class=\"elementor-element elementor-element-2cba938 elementor-widget elementor-widget-travoloimagebox\" data-id=\"2cba938\" data-element_type=\"widget\" data-e-type=\"widget\" data-widget_type=\"travoloimagebox.default\">\n\t\t\t\t<div class=\"elementor-widget-container\">\n\t\t\t\t\t        <div class=\"image-box1\">\n            <img decoding=\"async\" src=\"https:\/\/wordpress.vecurosoft.com\/travolo\/wp-content\/uploads\/2023\/11\/img-2-1.jpg\" alt=\"about image\"  class=\"img1\" \/>                <img decoding=\"async\" src=\"https:\/\/wordpress.vecurosoft.com\/travolo\/wp-content\/uploads\/2023\/11\/img-2-2.jpg\" alt=\"about image\"  class=\"img2\" \/>        <div class=\"media-box1\">\n                    <span class=\"media-info\">\n                8 Years            <\/span>\n        \n                    <p class=\"media-text\">\n                Of Experience            <\/p>\n            <\/div>\n    <div class=\"media-box2\">\n                    <span class=\"media-info\">\n                9,000+            <\/span>\n        \n                    <p class=\"media-text\">\n                Happy Clients            <\/p>\n            <\/div>\n<\/div>\n\t\t\t\t\t<\/div>\n\t\t\t\t<\/div>\n\t\t\t\t<\/div>\n\t\t<div class=\"elementor-element elementor-element-fda26aa e-con-full e-flex e-con e-child\" data-id=\"fda26aa\" data-element_type=\"container\" data-e-type=\"container\">\n\t\t\t\t<div class=\"elementor-element elementor-element-81f4fc0 elementor-widget__width-initial elementor-widget elementor-widget-travolosectiontitle\" data-id=\"81f4fc0\" data-element_type=\"widget\" data-e-type=\"widget\" data-widget_type=\"travolosectiontitle.default\">\n\t\t\t\t<div class=\"elementor-widget-container\">\n\t\t\t\t\t<!-- Section Title --><div class=\"title-area\" ><span class=\"sec-subtitle\">We Are Grandist Tour\n<\/span><h1 class=\"sec-title title-selector\">We Are The Best For Your Travel\n<\/h1><p class=\"sec-text\">We are delighted to be the ideal tour company for you to enjoy tours to the most beautiful places in Turkey with great prices.<\/p><\/div><!-- End Section Title -->\t\t\t\t<\/div>\n\t\t\t\t<\/div>\n\t\t\t\t<div class=\"elementor-element elementor-element-6d8a4a2 elementor-widget elementor-widget-travolochecklist\" data-id=\"6d8a4a2\" data-element_type=\"widget\" data-e-type=\"widget\" data-widget_type=\"travolochecklist.default\">\n\t\t\t\t<div class=\"elementor-widget-container\">\n\t\t\t\t\t            <ul class=\"about-list1\">\n                                    <li>Best Prices<\/li>\n                                    <li>Safe Tours<\/li>\n                                    <li>VIP Car Transfers<\/li>\n                                    <li>5-star Hotels<\/li>\n                            <\/ul>\n        \t\t\t\t<\/div>\n\t\t\t\t<\/div>\n\t\t\t\t<div class=\"elementor-element elementor-element-dfc9b06 elementor-widget elementor-widget-travolobutton\" data-id=\"dfc9b06\" data-element_type=\"widget\" data-e-type=\"widget\" data-widget_type=\"travolobutton.default\">\n\t\t\t\t<div class=\"elementor-widget-container\">\n\t\t\t\t\t<!-- Button --><div class=\"btn-wrapper\"><a class=\"vs-btn style7\" href=\"https:\/\/grandisttour.com\/tours\/\">Look a Tours<\/a><\/div><!-- End Button -->\t\t\t\t<\/div>\n\t\t\t\t<\/div>\n\t\t\t\t<\/div>\n\t\t\t\t\t<\/div>\n\t\t\t\t<\/div>\n\t\t\t\t<\/div>\n\t\t<div class=\"elementor-element elementor-element-bf6da79 e-con-full e-flex e-con e-parent\" data-id=\"bf6da79\" data-element_type=\"container\" data-e-type=\"container\" data-settings=\"{&quot;background_background&quot;:&quot;classic&quot;}\">\n\t\t<div class=\"elementor-element elementor-element-9b7d233 e-flex e-con-boxed e-con e-child\" data-id=\"9b7d233\" data-element_type=\"container\" data-e-type=\"container\">\n\t\t\t\t\t<div class=\"e-con-inner\">\n\t\t\t\t<div class=\"elementor-element elementor-element-c726662 elementor-widget elementor-widget-travolosectiontitle\" data-id=\"c726662\" data-element_type=\"widget\" data-e-type=\"widget\" data-widget_type=\"travolosectiontitle.default\">\n\t\t\t\t<div class=\"elementor-widget-container\">\n\t\t\t\t\t<!-- Section Title --><div class=\"title-area\" ><span class=\"sec-subtitle\">Grandist Tour<\/span><h1 class=\"sec-title title-selector\">Our Services<\/h1><\/div><!-- End Section Title -->\t\t\t\t<\/div>\n\t\t\t\t<\/div>\n\t\t\t\t\t<\/div>\n\t\t\t\t<\/div>\n\t\t<div class=\"elementor-element elementor-element-3b6c62c e-flex e-con-boxed e-con e-child\" data-id=\"3b6c62c\" data-element_type=\"container\" data-e-type=\"container\">\n\t\t\t\t\t<div class=\"e-con-inner\">\n\t\t\t\t<div class=\"elementor-element elementor-element-17da333 elementor-widget elementor-widget-travolohistory\" data-id=\"17da333\" data-element_type=\"widget\" data-e-type=\"widget\" data-widget_type=\"travolohistory.default\">\n\t\t\t\t<div class=\"elementor-widget-container\">\n\t\t\t\t\t\t\t\t<div class=\"row\">\n\t\t\t\t\t\t\t\t\t<div class=\"col-lg-6 col-md-6 history-steped\">\n\t\t\t\t\t\t<span class=\"divider\"><\/span>\n\t\t\t\t\t\t<div class=\"vs-history\">\n\t\t\t\t\t\t\t<div class=\"header-area\">\n\t\t\t\t\t\t\t\t\t\t\t\t\t\t\t\t\t<h3 class=\"history-title\">City Tours<\/h3>\n\t\t\t\t\t\t\t\t\t\t\t\t\t\t\t\t\n\t\t\t\t\t\t\t\t\t\t\t\t\t\t\t<\/div>\n\n\t\t\t\t\t\t\t\t\t\t\t\t\t<\/div>\n\t\t\t\t\t<\/div>\n\t\t\t\t\t\t\t\t\t<div class=\"col-lg-6 col-md-6 history-steped\">\n\t\t\t\t\t\t<span class=\"divider\"><\/span>\n\t\t\t\t\t\t<div class=\"vs-history\">\n\t\t\t\t\t\t\t<div class=\"header-area\">\n\t\t\t\t\t\t\t\t\t\t\t\t\t\t\t\t\t<h3 class=\"history-title\">VIP Airport Transfer<\/h3>\n\t\t\t\t\t\t\t\t\t\t\t\t\t\t\t\t\n\t\t\t\t\t\t\t\t\t\t\t\t\t\t\t<\/div>\n\n\t\t\t\t\t\t\t\t\t\t\t\t\t<\/div>\n\t\t\t\t\t<\/div>\n\t\t\t\t\t\t\t\t\t<div class=\"col-lg-6 col-md-6 history-steped\">\n\t\t\t\t\t\t<span class=\"divider\"><\/span>\n\t\t\t\t\t\t<div class=\"vs-history\">\n\t\t\t\t\t\t\t<div class=\"header-area\">\n\t\t\t\t\t\t\t\t\t\t\t\t\t\t\t\t\t<h3 class=\"history-title\">Bosphorus Tours<\/h3>\n\t\t\t\t\t\t\t\t\t\t\t\t\t\t\t\t\n\t\t\t\t\t\t\t\t\t\t\t\t\t\t\t<\/div>\n\n\t\t\t\t\t\t\t\t\t\t\t\t\t<\/div>\n\t\t\t\t\t<\/div>\n\t\t\t\t\t\t\t\t\t<div class=\"col-lg-6 col-md-6 history-steped\">\n\t\t\t\t\t\t<span class=\"divider\"><\/span>\n\t\t\t\t\t\t<div class=\"vs-history\">\n\t\t\t\t\t\t\t<div class=\"header-area\">\n\t\t\t\t\t\t\t\t\t\t\t\t\t\t\t\t\t<h3 class=\"history-title\">Best Activities<\/h3>\n\t\t\t\t\t\t\t\t\t\t\t\t\t\t\t\t\n\t\t\t\t\t\t\t\t\t\t\t\t\t\t\t<\/div>\n\n\t\t\t\t\t\t\t\t\t\t\t\t\t<\/div>\n\t\t\t\t\t<\/div>\n\t\t\t\t\t\t\t<\/div>\n            \n        \t\t\t\t<\/div>\n\t\t\t\t<\/div>\n\t\t\t\t\t<\/div>\n\t\t\t\t<\/div>\n\t\t\t\t<\/div>\n\t\t<div class=\"elementor-element elementor-element-3218c25 e-con-full e-flex e-con e-parent\" data-id=\"3218c25\" data-element_type=\"container\" data-e-type=\"container\" data-settings=\"{&quot;background_background&quot;:&quot;classic&quot;}\">\n\t\t<div class=\"elementor-element elementor-element-d8c6082 e-flex e-con-boxed e-con e-child\" data-id=\"d8c6082\" data-element_type=\"container\" data-e-type=\"container\">\n\t\t\t\t\t<div class=\"e-con-inner\">\n\t\t\t\t<div class=\"elementor-element elementor-element-dfb0706 elementor-widget elementor-widget-travolosectiontitle\" data-id=\"dfb0706\" data-element_type=\"widget\" data-e-type=\"widget\" data-widget_type=\"travolosectiontitle.default\">\n\t\t\t\t<div class=\"elementor-widget-container\">\n\t\t\t\t\t<!-- Section Title --><div class=\"title-area\" ><span class=\"sec-subtitle\">Our Best Review\u2019s<\/span><h1 class=\"sec-title title-selector\">9000 Happy Clients Around The World<\/h1><\/div><!-- End Section Title -->\t\t\t\t<\/div>\n\t\t\t\t<\/div>\n\t\t\t\t\t<\/div>\n\t\t\t\t<\/div>\n\t\t\t\t<\/div>\n\t\t<div class=\"elementor-element elementor-element-504294c e-flex e-con-boxed e-con e-parent\" data-id=\"504294c\" data-element_type=\"container\" data-e-type=\"container\">\n\t\t\t\t\t<div class=\"e-con-inner\">\n\t\t<div class=\"elementor-element elementor-element-794df18 e-flex e-con-boxed e-con e-child\" data-id=\"794df18\" data-element_type=\"container\" data-e-type=\"container\">\n\t\t\t\t\t<div class=\"e-con-inner\">\n\t\t\t\t<div class=\"elementor-element elementor-element-b691353 elementor-widget elementor-widget-travolosectiontitle\" data-id=\"b691353\" data-element_type=\"widget\" data-e-type=\"widget\" data-widget_type=\"travolosectiontitle.default\">\n\t\t\t\t<div class=\"elementor-widget-container\">\n\t\t\t\t\t<!-- Section Title --><div class=\"title-area\" ><span class=\"sec-subtitle\">Blog &amp; News<\/span><h1 class=\"sec-title title-selector\">Our Latest Blog\n<\/h1><p class=\"sec-text\">Curabitur aliquet quam id dui posuere blandit. Vivamus magna justo, lacinia eget consectetur sed, convgallis at tellus. Vestibulum ac diam sit.\n<\/p><\/div><!-- End Section Title -->\t\t\t\t<\/div>\n\t\t\t\t<\/div>\n\t\t\t\t\t<\/div>\n\t\t\t\t<\/div>\n\t\t<div class=\"elementor-element elementor-element-c443961 e-flex e-con-boxed e-con e-child\" data-id=\"c443961\" data-element_type=\"container\" data-e-type=\"container\">\n\t\t\t\t\t<div class=\"e-con-inner\">\n\t\t\t\t<div class=\"elementor-element elementor-element-e797852 elementor-widget elementor-widget-travoloblogpost\" data-id=\"e797852\" data-element_type=\"widget\" data-e-type=\"widget\" data-widget_type=\"travoloblogpost.default\">\n\t\t\t\t<div class=\"elementor-widget-container\">\n\t\t\t\t\t<!-- blog Area --><section class=\"vs-blog-wrapper\"><div class=\"row blog-carousel\" data-slide-to-show=\"3\"><div class=\"col-xl-4 col-md-6 col-sm-12 col-12\"><div class=\"vs-blog blog-style3\"><div class=\"blog-img\"><a href=\"https:\/\/grandisttour.com\/tr\/turkiyede-kamp-yapilacak-en-guzel-yerler\/\"><img fetchpriority=\"high\" decoding=\"async\" width=\"342\" height=\"252\" src=\"https:\/\/grandisttour.com\/wp-content\/uploads\/2025\/05\/Adsiz-tasarim-56_result-342x252.webp\" class=\"w-100 wp-post-image\" alt=\"The Most Beautiful Camping Spots in Turkey\" \/><\/a><\/div><div class=\"blog-content\"><h2 class=\"blog-title\"><a href=\"https:\/\/grandisttour.com\/tr\/turkiyede-kamp-yapilacak-en-guzel-yerler\/\">T\u00fcrkiye\u2019de Kamp Yap\u0131lacak En G\u00fczel Yerler<\/a><\/h2><p class=\"blog-text\">Do\u011fa severler i\u00e7in kamp yapmak, sadece bir tatil se\u00e7ene\u011fi de\u011fil; ayn\u0131<\/p><\/div><div class=\"blog-bottom\"><a class=\"blog-date\" href=\"https:\/\/grandisttour.com\/tr\/2025\/05\/16\/\"> <i class=\"fas fa-calendar-alt\"><\/i><time datetime=\"2025-05-16T13:54:48+00:00\">16 May\u0131s 2025<\/time><\/a><a href=\"https:\/\/grandisttour.com\/tr\/turkiyede-kamp-yapilacak-en-guzel-yerler\/\" class=\"vs-btn style4\">Read More<i class=\"fal fa-arrow-right\"><\/i><\/a><\/div><\/div><\/div><div class=\"col-xl-4 col-md-6 col-sm-12 col-12\"><div class=\"vs-blog blog-style3\"><div class=\"blog-img\"><a href=\"https:\/\/grandisttour.com\/tr\/en-populer-7-turk-icecegi\/\"><img decoding=\"async\" width=\"342\" height=\"252\" src=\"https:\/\/grandisttour.com\/wp-content\/uploads\/2025\/05\/Adsiz-tasarim-55_result-1-342x252.webp\" class=\"w-100 wp-post-image\" alt=\"En Pop\u00fcler 7 T\u00fcrk \u0130\u00e7ece\u011fi\" \/><\/a><\/div><div class=\"blog-content\"><h2 class=\"blog-title\"><a href=\"https:\/\/grandisttour.com\/tr\/en-populer-7-turk-icecegi\/\">En Pop\u00fcler 7 T\u00fcrk \u0130\u00e7ece\u011fi<\/a><\/h2><p class=\"blog-text\">T\u00fcrkiye, k\u00f6kl\u00fc k\u00fclt\u00fcr\u00fc, zengin mutfa\u011f\u0131 ve e\u015fsiz gelenekleriyle tan\u0131nan bir \u00fclkedir.<\/p><\/div><div class=\"blog-bottom\"><a class=\"blog-date\" href=\"https:\/\/grandisttour.com\/tr\/2025\/05\/15\/\"> <i class=\"fas fa-calendar-alt\"><\/i><time datetime=\"2025-05-15T13:58:55+00:00\">15 May\u0131s 2025<\/time><\/a><a href=\"https:\/\/grandisttour.com\/tr\/en-populer-7-turk-icecegi\/\" class=\"vs-btn style4\">Read More<i class=\"fal fa-arrow-right\"><\/i><\/a><\/div><\/div><\/div><div class=\"col-xl-4 col-md-6 col-sm-12 col-12\"><div class=\"vs-blog blog-style3\"><div class=\"blog-img\"><a href=\"https:\/\/grandisttour.com\/tr\/istanbulda-gidilecek-tarihi-hamamlar\/\"><img decoding=\"async\" width=\"342\" height=\"252\" src=\"https:\/\/grandisttour.com\/wp-content\/uploads\/2025\/05\/Adsiz-tasarim-54-342x252.png\" class=\"w-100 wp-post-image\" alt=\"\u0130stanbul\u2019da Gidilecek Tarihi Hamamlar\" \/><\/a><\/div><div class=\"blog-content\"><h2 class=\"blog-title\"><a href=\"https:\/\/grandisttour.com\/tr\/istanbulda-gidilecek-tarihi-hamamlar\/\">\u0130stanbul\u2019da Gidilecek Tarihi Hamamlar<\/a><\/h2><p class=\"blog-text\">Tarih boyunca pek \u00e7ok medeniyete ev sahipli\u011fi yapan \u0130stanbul, sadece saraylar\u0131,<\/p><\/div><div class=\"blog-bottom\"><a class=\"blog-date\" href=\"https:\/\/grandisttour.com\/tr\/2025\/05\/14\/\"> <i class=\"fas fa-calendar-alt\"><\/i><time datetime=\"2025-05-14T14:39:59+00:00\">14 May\u0131s 2025<\/time><\/a><a href=\"https:\/\/grandisttour.com\/tr\/istanbulda-gidilecek-tarihi-hamamlar\/\" class=\"vs-btn style4\">Read More<i class=\"fal fa-arrow-right\"><\/i><\/a><\/div><\/div><\/div><div class=\"col-xl-4 col-md-6 col-sm-12 col-12\"><div class=\"vs-blog blog-style3\"><div class=\"blog-img\"><a href=\"https:\/\/grandisttour.com\/tr\/turkiyede-ziyaret-edilmesi-gereken-unesco-dunya-miras-alanlari\/\"><img loading=\"lazy\" decoding=\"async\" width=\"342\" height=\"252\" src=\"https:\/\/grandisttour.com\/wp-content\/uploads\/2025\/05\/unesco-world-heritage-sites-to-visit-in-turkey-1-342x252.webp\" class=\"w-100 wp-post-image\" alt=\"\u0130stanbul\u2019da G\u00f6rmeniz Gereken 10 M\u00fcze\" \/><\/a><\/div><div class=\"blog-content\"><h2 class=\"blog-title\"><a href=\"https:\/\/grandisttour.com\/tr\/turkiyede-ziyaret-edilmesi-gereken-unesco-dunya-miras-alanlari\/\">T\u00fcrkiye\u2019de Ziyaret Edilmesi Gereken UNESCO D\u00fcnya Miras\u0131<\/a><\/h2><p class=\"blog-text\">T\u00fcrkiye, ola\u011fan\u00fcst\u00fc k\u00fclt\u00fcrel zenginli\u011fi, kadim medeniyetleri ve nefes kesici do\u011fal g\u00fczellikleriyle<\/p><\/div><div class=\"blog-bottom\"><a class=\"blog-date\" href=\"https:\/\/grandisttour.com\/tr\/2025\/05\/13\/\"> <i class=\"fas fa-calendar-alt\"><\/i><time datetime=\"2025-05-13T12:51:51+00:00\">13 May\u0131s 2025<\/time><\/a><a href=\"https:\/\/grandisttour.com\/tr\/turkiyede-ziyaret-edilmesi-gereken-unesco-dunya-miras-alanlari\/\" class=\"vs-btn style4\">Read More<i class=\"fal fa-arrow-right\"><\/i><\/a><\/div><\/div><\/div><\/div><!-- .row END --><\/section><!-- blog Area end -->\t\t\t\t<\/div>\n\t\t\t\t<\/div>\n\t\t\t\t<div class=\"elementor-element elementor-element-d70323e elementor-widget elementor-widget-travolobutton\" data-id=\"d70323e\" data-element_type=\"widget\" data-e-type=\"widget\" data-widget_type=\"travolobutton.default\">\n\t\t\t\t<div class=\"elementor-widget-container\">\n\t\t\t\t\t<!-- Button --><div class=\"btn-wrapper\"><a class=\"vs-btn style3 btn-icon\" href=\"https:\/\/wordpress.vecurosoft.com\/travolo\/blog\/\">View More<\/a><\/div><!-- End Button -->\t\t\t\t<\/div>\n\t\t\t\t<\/div>\n\t\t\t\t\t<\/div>\n\t\t\t\t<\/div>\n\t\t\t\t\t<\/div>\n\t\t\t\t<\/div>\n\t\t\t\t<\/div>\n\t\t","protected":false},"excerpt":{"rendered":"<p>8 Years Of Experience 9,000+ Happy Clients We Are Grandist Tour We Are The Best For Your Travel We are delighted to be the ideal tour company for you to enjoy tours to the most beautiful places in Turkey with great prices. Best Prices Safe Tours VIP Car Transfers 5-star Hotels Look a Tours Grandist&#8230;<\/p>\n","protected":false},"author":1,"featured_media":0,"parent":0,"menu_order":0,"comment_status":"closed","ping_status":"closed","template":"elementor_header_footer","meta":{"footnotes":""},"class_list":["post-7078","page","type-page","status-publish","hentry","vs-blog blog-single"],"_links":{"self":[{"href":"https:\/\/grandisttour.com\/tr\/wp-json\/wp\/v2\/pages\/7078","targetHints":{"allow":["GET"]}}],"collection":[{"href":"https:\/\/grandisttour.com\/tr\/wp-json\/wp\/v2\/pages"}],"about":[{"href":"https:\/\/grandisttour.com\/tr\/wp-json\/wp\/v2\/types\/page"}],"author":[{"embeddable":true,"href":"https:\/\/grandisttour.com\/tr\/wp-json\/wp\/v2\/users\/1"}],"replies":[{"embeddable":true,"href":"https:\/\/grandisttour.com\/tr\/wp-json\/wp\/v2\/comments?post=7078"}],"version-history":[{"count":2,"href":"https:\/\/grandisttour.com\/tr\/wp-json\/wp\/v2\/pages\/7078\/revisions"}],"predecessor-version":[{"id":7088,"href":"https:\/\/grandisttour.com\/tr\/wp-json\/wp\/v2\/pages\/7078\/revisions\/7088"}],"wp:attachment":[{"href":"https:\/\/grandisttour.com\/tr\/wp-json\/wp\/v2\/media?parent=7078"}],"curies":[{"name":"wp","href":"https:\/\/api.w.org\/{rel}","templated":true}]}}