{"id":7076,"date":"2024-07-16T12:34:39","date_gmt":"2024-07-16T12:34:39","guid":{"rendered":"https:\/\/grandisttour.com\/airport-taxi-transfer\/"},"modified":"2025-04-12T10:27:39","modified_gmt":"2025-04-12T10:27:39","slug":"havaalani-transfer","status":"publish","type":"page","link":"https:\/\/grandisttour.com\/tr\/havaalani-transfer\/","title":{"rendered":"Havaalan\u0131 Transfer"},"content":{"rendered":"\t\t<div data-elementor-type=\"wp-page\" data-elementor-id=\"7076\" class=\"elementor elementor-7076 elementor-6195\" data-elementor-post-type=\"page\">\n\t\t\t\t<div class=\"elementor-element elementor-element-918a754 e-flex e-con-boxed e-con e-parent\" data-id=\"918a754\" data-element_type=\"container\" data-e-type=\"container\">\n\t\t\t\t\t<div class=\"e-con-inner\">\n\t\t\t\t<div class=\"elementor-element elementor-element-8c246bd elementor-widget elementor-widget-wptravelengine-trip-search\" data-id=\"8c246bd\" data-element_type=\"widget\" data-e-type=\"widget\" data-widget_type=\"wptravelengine-trip-search.default\">\n\t\t\t\t<div class=\"elementor-widget-container\">\n\t\t\t\t\t<div class=\"wpte-gblock-wrapper wpte-elementor-widget\">\n\t\t<div class=\"wpte-trip-sfilter-wrapper\">\n\t\t<form class=\"wpte-trip__search-fields horizontal\" action=\"https:\/\/grandisttour.com\/trip-search-result-2\/\">\n\t\t\t\t\t\t\t\t\t<div class=\"wpte-trip__adv-field wpte__select-field\">\n\t\t\t\t\t\t\t<span class=\"icon\">\n\t\t\t\t\t\t\t\t<svg viewBox=\"0 0 343.5 343.5\"><g><g><path d=\"M322.05,161.8h-182.6c-5.5,0-10,4.5-10,10s4.5,10,10,10h182.6c5.5,0,10-4.5,10-10C332.05,166.3,327.65,161.8,322.05,161.8 z\" \/><\/g><\/g><g><g><path d=\"M57.95,125.3c-25.7,0-46.5,20.8-46.5,46.5s20.8,46.5,46.5,46.5s46.5-20.8,46.5-46.5S83.65,125.3,57.95,125.3z M57.95,198.3c-14.7,0-26.5-11.9-26.5-26.5c0-14.7,11.9-26.5,26.5-26.5c14.6,0,26.5,11.9,26.5,26.5S72.55,198.3,57.95,198.3z\" \/><\/g><\/g><g><g><path d=\"M322.05,36.8h-182.6c-5.5,0-10,4.5-10,10s4.5,10,10,10h182.6c5.5,0,10-4.5,10-10C332.05,41.3,327.65,36.8,322.05,36.8z\" \/><\/g><\/g><g><g><path d=\"M57.95,0c-25.7,0-46.5,20.8-46.5,46.5c0,25.7,20.8,46.5,46.5,46.5s46.5-20.8,46.5-46.5C104.45,20.9,83.65,0.1,57.95,0z M57.95,73.1c-14.7,0-26.5-11.9-26.5-26.5c0-14.6,11.9-26.5,26.5-26.5c14.7,0,26.5,11.9,26.5,26.5 C84.45,61.2,72.55,73.1,57.95,73.1z\" \/><\/g><\/g><g><g><path d=\"M322.05,286.8h-182.6c-5.5,0-10,4.5-10,10s4.5,10,10,10h182.6c5.5,0,10-4.5,10-10S327.65,286.8,322.05,286.8z\" \/><\/g><\/g><g><g><path d=\"M57.95,250.5c-25.7,0-46.5,20.8-46.5,46.5c0,25.7,20.8,46.5,46.5,46.5s46.5-20.8,46.5-46.5 C104.45,271.4,83.65,250.5,57.95,250.5z M57.95,323.6c-14.7,0-26.5-11.9-26.5-26.5c0-14.7,11.9-26.5,26.5-26.5 c14.7,0,26.5,11.9,26.5,26.5S72.55,323.6,57.95,323.6z\" \/><\/g><\/g><g><\/g><g><\/g><g><\/g><g><\/g><g><\/g><g><\/g><g><\/g><g><\/g><g><\/g><g><\/g><g><\/g><g><\/g><g><\/g><g><\/g><g><\/g><\/svg>\t\t\t\t\t\t\t<\/span>\n\t\t\t\t\t\t\t<input type=\"text\" class=\"wpte__input\" placeholder=\"Where From\" \/>\n\t\t\t\t\t\t\t<input type=\"hidden\" class=\"wpte__input-value\" name=\"where-from\" \/>\n\t\t\t\t\t\t\t<div class=\"wpte__select-options\">\n\t\t\t\t\t\t\t\t<ul>\n\t\t\t\t\t\t\t\t\t<li data-value=\"istanbul-airport-ist\" data-label=\"1 - Istanbul Airport (IST)\"><span>1 - Istanbul Airport (IST)<\/span><\/li><li data-value=\"sabiha-gokcen-airport-saw\" data-label=\"2- Sabiha G\u00f6k\u00e7en Airport (SAW)\"><span>2- Sabiha G\u00f6k\u00e7en Airport (SAW)<\/span><\/li><li data-value=\"atasehir-hotels\" data-label=\"3 - Ata\u015fehir Hotels\"><span>3 - Ata\u015fehir Hotels<\/span><\/li><li data-value=\"bakirkoy-hotels\" data-label=\"4 - Bak\u0131rk\u00f6y Hotels\"><span>4 - Bak\u0131rk\u00f6y Hotels<\/span><\/li><li data-value=\"besiktas-hotels\" data-label=\"5 - Be\u015fikta\u015f Hotels\"><span>5 - Be\u015fikta\u015f Hotels<\/span><\/li><li data-value=\"old-city-hotels\" data-label=\"6 - Old City Hotels\"><span>6 - Old City Hotels<\/span><\/li><li data-value=\"private-address\" data-label=\"7 - Private Address\"><span>7 - Private Address<\/span><\/li><li data-value=\"sultanahmet-hotels\" data-label=\"8 - Sultanahmet Hotels\"><span>8 - Sultanahmet Hotels<\/span><\/li><li data-value=\"taksim-square-hotels\" data-label=\"9 - Taksim Square Hotels\"><span>9 - Taksim Square Hotels<\/span><\/li>\t\t\t\t\t\t\t\t<\/ul>\n\t\t\t\t\t\t\t<\/div>\n\t\t\t\t\t\t<\/div>\n\t\t\t\t\t\t\t\t\t\t\t\t<div class=\"wpte-trip__adv-field wpte__select-field\">\n\t\t\t\t\t\t\t<span class=\"icon\">\n\t\t\t\t\t\t\t\t<svg viewBox=\"0 0 343.5 343.5\"><g><g><path d=\"M322.05,161.8h-182.6c-5.5,0-10,4.5-10,10s4.5,10,10,10h182.6c5.5,0,10-4.5,10-10C332.05,166.3,327.65,161.8,322.05,161.8 z\" \/><\/g><\/g><g><g><path d=\"M57.95,125.3c-25.7,0-46.5,20.8-46.5,46.5s20.8,46.5,46.5,46.5s46.5-20.8,46.5-46.5S83.65,125.3,57.95,125.3z M57.95,198.3c-14.7,0-26.5-11.9-26.5-26.5c0-14.7,11.9-26.5,26.5-26.5c14.6,0,26.5,11.9,26.5,26.5S72.55,198.3,57.95,198.3z\" \/><\/g><\/g><g><g><path d=\"M322.05,36.8h-182.6c-5.5,0-10,4.5-10,10s4.5,10,10,10h182.6c5.5,0,10-4.5,10-10C332.05,41.3,327.65,36.8,322.05,36.8z\" \/><\/g><\/g><g><g><path d=\"M57.95,0c-25.7,0-46.5,20.8-46.5,46.5c0,25.7,20.8,46.5,46.5,46.5s46.5-20.8,46.5-46.5C104.45,20.9,83.65,0.1,57.95,0z M57.95,73.1c-14.7,0-26.5-11.9-26.5-26.5c0-14.6,11.9-26.5,26.5-26.5c14.7,0,26.5,11.9,26.5,26.5 C84.45,61.2,72.55,73.1,57.95,73.1z\" \/><\/g><\/g><g><g><path d=\"M322.05,286.8h-182.6c-5.5,0-10,4.5-10,10s4.5,10,10,10h182.6c5.5,0,10-4.5,10-10S327.65,286.8,322.05,286.8z\" \/><\/g><\/g><g><g><path d=\"M57.95,250.5c-25.7,0-46.5,20.8-46.5,46.5c0,25.7,20.8,46.5,46.5,46.5s46.5-20.8,46.5-46.5 C104.45,271.4,83.65,250.5,57.95,250.5z M57.95,323.6c-14.7,0-26.5-11.9-26.5-26.5c0-14.7,11.9-26.5,26.5-26.5 c14.7,0,26.5,11.9,26.5,26.5S72.55,323.6,57.95,323.6z\" \/><\/g><\/g><g><\/g><g><\/g><g><\/g><g><\/g><g><\/g><g><\/g><g><\/g><g><\/g><g><\/g><g><\/g><g><\/g><g><\/g><g><\/g><g><\/g><g><\/g><\/svg>\t\t\t\t\t\t\t<\/span>\n\t\t\t\t\t\t\t<input type=\"text\" class=\"wpte__input\" placeholder=\"Where To\" \/>\n\t\t\t\t\t\t\t<input type=\"hidden\" class=\"wpte__input-value\" name=\"where-to\" \/>\n\t\t\t\t\t\t\t<div class=\"wpte__select-options\">\n\t\t\t\t\t\t\t\t<ul>\n\t\t\t\t\t\t\t\t\t<li data-value=\"istanbul-airport-ist\" data-label=\"1 - Istanbul Airport (IST)\"><span>1 - Istanbul Airport (IST)<\/span><\/li><li data-value=\"sabiha-gokcen-airport-saw\" data-label=\"2 - Sabiha G\u00f6k\u00e7en Airport (SAW)\"><span>2 - Sabiha G\u00f6k\u00e7en Airport (SAW)<\/span><\/li><li data-value=\"atasehir-hotels\" data-label=\"3 - Ata\u015fehir Hotels\"><span>3 - Ata\u015fehir Hotels<\/span><\/li><li data-value=\"bakirkoy-hotels\" data-label=\"4 - Bak\u0131rk\u00f6y Hotels\"><span>4 - Bak\u0131rk\u00f6y Hotels<\/span><\/li><li data-value=\"besiktas-hotels\" data-label=\"5 - Be\u015fikta\u015f Hotels\"><span>5 - Be\u015fikta\u015f Hotels<\/span><\/li><li data-value=\"old-city-hotels\" data-label=\"6 - Old City Hotels\"><span>6 - Old City Hotels<\/span><\/li><li data-value=\"private-address\" data-label=\"7 - Private Address\"><span>7 - Private Address<\/span><\/li><li data-value=\"sultanahmet-hotels\" data-label=\"8 - Sultanahmet Hotels\"><span>8 - Sultanahmet Hotels<\/span><\/li><li data-value=\"taksim-square-hotels\" data-label=\"9 - Taksim Square Hotels\"><span>9 - Taksim Square Hotels<\/span><\/li>\t\t\t\t\t\t\t\t<\/ul>\n\t\t\t\t\t\t\t<\/div>\n\t\t\t\t\t\t<\/div>\n\t\t\t\t\t\t\t\t\t<div class=\"wpte-trip__submit-field\">\n\t\t\t\t<button type=\"submit\" class=\"wpte-trip__search-submit\">Search <\/button>\n\t\t\t<\/div>\n\t\t<\/form>\n\t<\/div>\n<\/div>\n\t\t\t\t<\/div>\n\t\t\t\t<\/div>\n\t\t\t\t\t<\/div>\n\t\t\t\t<\/div>\n\t\t<div class=\"elementor-element elementor-element-b2b3461 e-flex e-con-boxed e-con e-parent\" data-id=\"b2b3461\" data-element_type=\"container\" data-e-type=\"container\">\n\t\t\t\t\t<div class=\"e-con-inner\">\n\t\t\t\t<div class=\"elementor-element elementor-element-9e4deae elementor-widget elementor-widget-wptravelengine-trips\" data-id=\"9e4deae\" data-element_type=\"widget\" data-e-type=\"widget\" data-widget_type=\"wptravelengine-trips.default\">\n\t\t\t\t<div class=\"elementor-widget-container\">\n\t\t\t\t\tNo trips available. Please add a new trip.\t\t\t\t<\/div>\n\t\t\t\t<\/div>\n\t\t\t\t\t<\/div>\n\t\t\t\t<\/div>\n\t\t\t\t<\/div>\n\t\t","protected":false},"excerpt":{"rendered":"<p>Ata\u015fehir Hotels Bak\u0131rk\u00f6y Hotels Be\u015fikta\u015f Hotels Istanbul Airport (IST) Old City Hotels Private Address Sabiha G\u00f6k\u00e7en Airport (SAW) Sultanahmet Hotels Taksim Square Hotels Ata\u015fehir Hotels Bak\u0131rk\u00f6y Hotels Be\u015fikta\u015f Hotels Istanbul Airport (IST) Old City Hotels Private Address Sabiha G\u00f6k\u00e7en Airport (SAW) Sultanahmet Hotels Taksim Square Hotels Search 38% Off VIP Sabiha G\u00f6k\u00e7en (SAW) Arrival Taksim&#8230;<\/p>\n","protected":false},"author":1,"featured_media":0,"parent":0,"menu_order":0,"comment_status":"closed","ping_status":"closed","template":"","meta":{"footnotes":""},"class_list":["post-7076","page","type-page","status-publish","hentry"],"_links":{"self":[{"href":"https:\/\/grandisttour.com\/tr\/wp-json\/wp\/v2\/pages\/7076","targetHints":{"allow":["GET"]}}],"collection":[{"href":"https:\/\/grandisttour.com\/tr\/wp-json\/wp\/v2\/pages"}],"about":[{"href":"https:\/\/grandisttour.com\/tr\/wp-json\/wp\/v2\/types\/page"}],"author":[{"embeddable":true,"href":"https:\/\/grandisttour.com\/tr\/wp-json\/wp\/v2\/users\/1"}],"replies":[{"embeddable":true,"href":"https:\/\/grandisttour.com\/tr\/wp-json\/wp\/v2\/comments?post=7076"}],"version-history":[{"count":2,"href":"https:\/\/grandisttour.com\/tr\/wp-json\/wp\/v2\/pages\/7076\/revisions"}],"predecessor-version":[{"id":7089,"href":"https:\/\/grandisttour.com\/tr\/wp-json\/wp\/v2\/pages\/7076\/revisions\/7089"}],"wp:attachment":[{"href":"https:\/\/grandisttour.com\/tr\/wp-json\/wp\/v2\/media?parent=7076"}],"curies":[{"name":"wp","href":"https:\/\/api.w.org\/{rel}","templated":true}]}}